{"id":149,"date":"2021-07-07T10:46:17","date_gmt":"2021-07-07T08:46:17","guid":{"rendered":"https:\/\/var-findaway.fr\/home\/?page_id=149"},"modified":"2023-05-15T13:49:08","modified_gmt":"2023-05-15T11:49:08","slug":"politique-de-confidentialite","status":"publish","type":"page","link":"https:\/\/var-findaway.fr\/home\/?page_id=149","title":{"rendered":"Politique de confidentialit\u00e9"},"content":{"rendered":"\n<style type=\"text\/css\" data-created_by=\"avia_inline_auto\" id=\"style-css-av-a0cc5-0b5df554ce31ee1d694419602a50680d\">\n.flex_column.av-a0cc5-0b5df554ce31ee1d694419602a50680d{\n-webkit-border-radius:0px 0px 0px 0px;\n-moz-border-radius:0px 0px 0px 0px;\nborder-radius:0px 0px 0px 0px;\npadding:50px 0px 0px 0px;\n}\n<\/style>\n<div class='flex_column av-a0cc5-0b5df554ce31ee1d694419602a50680d av_one_full  avia-builder-el-0  el_before_av_codeblock  avia-builder-el-first  first flex_column_div '     ><section  class='av_textblock_section av-kqt8kx86-b78e48eb8abad86a7599378fb0fd0828' ><div class='avia_textblock' ><h4 class=\"wp-block-heading\"><strong> Introduction<\/strong><\/h4>\n<p>La pr\u00e9sente section d\u00e9crit comment la pr\u00e9fecture du Var collecte et traite les donn\u00e9es concernant votre utilisation de l&rsquo;application FinDAWay<\/p>\n<p>La protection de vos donn\u00e9es est importante pour nous. Nous nous engageons \u00e0 ne collecter que les donn\u00e9es \u00e0 <strong>usage statistique<\/strong> pour vous assurer un service optimal, \u00e0 en assurer la confidentialit\u00e9 et la s\u00e9curit\u00e9.<\/p>\n<h4>Utilisation des donn\u00e9es personnelles collect\u00e9es<\/h4>\n<div class=\"texte\">\n<p><strong>Principe et cadre juridique<\/strong><br class=\"autobr\" \/>La pr\u00e9fecture du Var collecte et traite les donn\u00e9es des usagers avec transparence, confidentialit\u00e9 et s\u00e9curit\u00e9, dans le respect des r\u00e9glementations europ\u00e9ennes et fran\u00e7aises qui lui sont applicables :<\/p>\n<ul class=\"spip\">\n<li>le r\u00e8glement (UE) 2016\/679 du Parlement europ\u00e9en du 27 avril 2016\u00a0;<\/li>\n<li>la loi n\u00b078-17 du 6 janvier 1978 relative \u00e0 l\u2019informatique, aux fichiers et aux libert\u00e9s (\u00ab\u00a0loi informatique et libert\u00e9s\u00a0\u00bb), modifi\u00e9e.<\/li>\n<\/ul>\n<p><strong>Origine des donn\u00e9es statistiques collect\u00e9es<\/strong><br class=\"autobr\" \/>Les donn\u00e9es <strong>statistiques<\/strong> sont collect\u00e9es directement aupr\u00e8s des usagers, lorsque ceux-ci utilisent l\u2019un des services suivants :<\/p>\n<ul class=\"spip\">\n<li>l&rsquo;application FinDAway<\/li>\n<\/ul>\n<p><strong>Informations sp\u00e9cifiques que nous collections<\/strong><br class=\"autobr\" \/>Chaque service limite la collecte des donn\u00e9es au strict n\u00e9cessaire (minimisation des donn\u00e9es) pour un <strong>usage statistique<\/strong>. Lors de l\u2019utilisation d\u2019un des services mentionn\u00e9s ci-dessus :<\/p>\n<ul class=\"spip\">\n<li>L&rsquo;application <strong>g\u00e9n\u00e8re une ID unique<\/strong> pour chaque nouveau utilisateur. (exemple: SNFDWxxxxxx). aucune information concernant l&rsquo;adresse mail, nom, pr\u00e9nom, num\u00e9ro de t\u00e9l\u00e9phone ne sera collect\u00e9.<\/li>\n<li>Le <strong>nombre<\/strong> de connexion et d&rsquo;ouverture de l&rsquo;application.<\/li>\n<li>La situation de l\u2019usager, \u00ab\u00a0<strong>demandeur d&rsquo;asile<\/strong>\u00a0\u00bb ou \u00ab\u00a0<strong>r\u00e9fugi\u00e9<\/strong>\u00ab\u00a0<\/li>\n<li>La <strong>langue<\/strong> choisi par l&rsquo;usager et la <strong>langue par d\u00e9faut de votre smartphone<\/strong><\/li>\n<li>Le <strong>mod\u00e8le du t\u00e9l\u00e9phone<\/strong> (Exemple : iPhone 11.2)<\/li>\n<li>Le <strong>syst\u00e8me d&rsquo;exploitation<\/strong> du smartphone (Exemple : Android ou iOS).<\/li>\n<li>La <strong>date d&rsquo;installation<\/strong> <strong>de l&rsquo;application<\/strong> et <strong>la date de votre derni\u00e8re connexion<\/strong><\/li>\n<li>La fr\u00e9quence d&rsquo;utilisation des th\u00e9matiques de l&rsquo;application, pr\u00e9cis\u00e9ment <strong>le nombre de fois que vous consultez la page<\/strong> :\n<ul class=\"spip\">\n<li>Papiers<\/li>\n<li>Maison<\/li>\n<li>Parler Fran\u00e7ais<\/li>\n<li>Besoins de la vie<\/li>\n<li>Sant\u00e9<\/li>\n<li>Travailler en France<\/li>\n<li>Famille \/ Transport<\/li>\n<li>Autour de moi<\/li>\n<li>Ressources &amp; aides<\/li>\n<li>Mes droits &#8230;, Mes devoirs &#8230;<\/li>\n<li>Ma demande d&rsquo;asile, o\u00f9 j&rsquo;en suis ?<\/li>\n<\/ul>\n<\/li>\n<\/ul>\n<p><strong>S\u00e9curit\u00e9 des donn\u00e9es<\/strong><br class=\"autobr\" \/>Les donn\u00e9es recueillies dans le cadre de l&rsquo;<strong>usage statistique<\/strong> sont trait\u00e9es selon des protocoles s\u00e9curis\u00e9s, conform\u00e9ment \u00e0 la politique de s\u00e9curit\u00e9 des syst\u00e8mes d\u2019information de l\u2019\u00c9tat (PSSIE).<\/p>\n<p><strong>Droits des usagers<\/strong><br class=\"autobr\" \/>Conform\u00e9ment au cadre juridique en vigueur, les usagers de l&rsquo;application disposent des droits d\u2019acc\u00e8s, de rectification, d\u2019effacement des donn\u00e9es, ainsi que du droit d\u2019opposition au traitement des donn\u00e9es pour des raisons tenant \u00e0 leur situation particuli\u00e8re.<\/p>\n<p>Pour toute information ou exercice de leurs droits sur les traitements de donn\u00e9es personnelles mis en \u0153uvre par la pr\u00e9fecture du Var, les usagers peuvent s\u2019adresser par courrier \u00e0\u00a0: Monsieur le pr\u00e9fet \u2013 Pr\u00e9fecture du Var \u2013 CS 31209 \u2013 83070 TOULON CEDEX<br class=\"autobr\" \/>ou par courriel \u00e0\u00a0: pref-donnees-personnelles@var.gouv.fr<\/p>\n<p><strong>R\u00e9clamation<\/strong><br class=\"autobr\" \/>Les traitements de donn\u00e9es personnelles mis en \u0153uvre par la pr\u00e9fecture du Var sont contr\u00f4l\u00e9s par le d\u00e9l\u00e9gu\u00e9 \u00e0 la protection des donn\u00e9es du minist\u00e8re de l\u2019int\u00e9rieur\u00a0:<br class=\"autobr\" \/>D\u00e9l\u00e9gu\u00e9 minist\u00e9riel \u00e0 la protection des donn\u00e9es \u2013 minist\u00e8re de l\u2019int\u00e9rieur \u2013 Place Beauvau \u2013 75800 PARIS CEDEX 08.<br class=\"autobr\" \/>Pour toute r\u00e9clamation, les usagers peuvent s\u2019adresser \u00e0 la commission nationale de l\u2019informatique et des libert\u00e9s (CNIL)\u00a0:<\/p>\n<ul class=\"spip\">\n<li>en ligne\u00a0: <a class=\"spip_url spip_out auto external\" title=\"(nouvelle fenetre)\" href=\"https:\/\/www.cnil.fr\/fr\/plaintes\" target=\"_blank\" rel=\"external noopener\">https:\/\/www.cnil.fr\/fr\/plaintes<\/a><\/li>\n<li>ou par \u00e9crit\u00a0: CNIL &#8211; 3 place de Fontenoy \u2013 TSA 80715 \u2013 75334 PARIS CEDEX 07<\/li>\n<li><a href=\"http:\/\/www.var.gouv.fr\/\">Site de la pr\u00e9fecture du var<\/a><\/li>\n<\/ul>\n<\/div>\n<\/div><\/section><\/div>\r\n","protected":false},"excerpt":{"rendered":"","protected":false},"author":1,"featured_media":0,"parent":0,"menu_order":0,"comment_status":"closed","ping_status":"closed","template":"","meta":{"_seopress_robots_primary_cat":"","_seopress_titles_title":"","_seopress_titles_desc":"","_seopress_robots_index":"","footnotes":""},"class_list":["post-149","page","type-page","status-publish","hentry"],"_links":{"self":[{"href":"https:\/\/var-findaway.fr\/home\/index.php?rest_route=\/wp\/v2\/pages\/149","targetHints":{"allow":["GET"]}}],"collection":[{"href":"https:\/\/var-findaway.fr\/home\/index.php?rest_route=\/wp\/v2\/pages"}],"about":[{"href":"https:\/\/var-findaway.fr\/home\/index.php?rest_route=\/wp\/v2\/types\/page"}],"author":[{"embeddable":true,"href":"https:\/\/var-findaway.fr\/home\/index.php?rest_route=\/wp\/v2\/users\/1"}],"replies":[{"embeddable":true,"href":"https:\/\/var-findaway.fr\/home\/index.php?rest_route=%2Fwp%2Fv2%2Fcomments&post=149"}],"version-history":[{"count":5,"href":"https:\/\/var-findaway.fr\/home\/index.php?rest_route=\/wp\/v2\/pages\/149\/revisions"}],"predecessor-version":[{"id":176,"href":"https:\/\/var-findaway.fr\/home\/index.php?rest_route=\/wp\/v2\/pages\/149\/revisions\/176"}],"wp:attachment":[{"href":"https:\/\/var-findaway.fr\/home\/index.php?rest_route=%2Fwp%2Fv2%2Fmedia&parent=149"}],"curies":[{"name":"wp","href":"https:\/\/api.w.org\/{rel}","templated":true}]}}